{"id":2472,"date":"2024-09-05T10:30:24","date_gmt":"2024-09-05T10:30:24","guid":{"rendered":"https:\/\/bemagnett.com\/aviso-legal\/"},"modified":"2025-08-16T15:56:22","modified_gmt":"2025-08-16T15:56:22","slug":"aviso-legal","status":"publish","type":"page","link":"https:\/\/bemagnett.com\/es\/aviso-legal\/","title":{"rendered":"Aviso legal"},"content":{"rendered":"<p>[et_pb_section fb_built=\u00bb1&#8243; admin_label=\u00bbsection\u00bb _builder_version=\u00bb4.16&#8243; global_colors_info=\u00bb{}\u00bb][et_pb_row admin_label=\u00bbrow\u00bb _builder_version=\u00bb4.16&#8243; background_size=\u00bbinitial\u00bb background_position=\u00bbtop_left\u00bb background_repeat=\u00bbrepeat\u00bb global_colors_info=\u00bb{}\u00bb][et_pb_column type=\u00bb4_4&#8243; _builder_version=\u00bb4.16&#8243; custom_padding=\u00bb|||\u00bb global_colors_info=\u00bb{}\u00bb custom_padding__hover=\u00bb|||\u00bb][et_pb_text admin_label=\u00bbText\u00bb _builder_version=\u00bb4.27.0&#8243; background_size=\u00bbinitial\u00bb background_position=\u00bbtop_left\u00bb background_repeat=\u00bbrepeat\u00bb global_colors_info=\u00bb{}\u00bb]<\/p>\n<h2>1. INFORMACI\u00d3N GENERAL<\/h2>\n<p>En cumplimiento de lo dispuesto en el art\u00edculo 10 de la Ley 34\/2002, de 11 de julio, de servicios de la sociedad de la informaci\u00f3n y de comercio electr\u00f3nico (LSSICE), se ofrece la siguiente informaci\u00f3n relativa al titular de la p\u00e1gina web:<\/p>\n<ul>\n<li><strong>Titular:<\/strong> Bemagnett<\/li>\n<li><strong>CIF: 77914427H<\/strong><\/li>\n<li><strong>Domicilio social: Mas Can Ralico,7 Espinavessa CP 17747<\/strong><\/li>\n<li><strong>Tel\u00e9fono de contacto: 682014113<\/strong><\/li>\n<li><strong>Correo electr\u00f3nico: bemangnett@gmail.com<\/strong><\/li>\n<li><strong>Web:<\/strong> bemagnett.com<\/li>\n<\/ul>\n<h2>2. OBJETO<\/h2>\n<p>El presente aviso legal regula las condiciones de uso del sitio web de Bemagnett, <span style=\"font-size: 16px;\">dedicado al alquiler de m\u00e1quinas de magnetoterapia a domicilio, as\u00ed como la prestaci\u00f3n de servicios adicionales como configuraci\u00f3n, adaptaci\u00f3n al tratamiento, formaci\u00f3n y seguimiento personalizado.<\/span><\/p>\n<p>El acceso y uso de la p\u00e1gina web por parte del usuario implica la aceptaci\u00f3n plena y sin reservas de todas y cada una de las disposiciones incluidas en este Aviso Legal, as\u00ed como en la Pol\u00edtica de Privacidad.<\/p>\n<h2>3. USO DEL SITIO WEB<\/h2>\n<p>El usuario se compromete a utilizar este sitio web de acuerdo con la ley, la moral, el orden p\u00fablico y este Aviso Legal. Queda prohibido el uso de la web con fines il\u00edcitos o que puedan perjudicar los derechos e intereses de terceros, o que de cualquier forma puedan da\u00f1ar, inutilizar, sobrecargar o deteriorar el sitio web o impedir la normal utilizaci\u00f3n del mismo por parte de otros usuarios.<\/p>\n<h2>4. SERVICIOS OFRECIDOS<\/h2>\n<p>A trav\u00e9s de este sitio web, Bemagnett ofrece un servicio de alquiler de m\u00e1quinas de magnetoterapia a domicilio, que incluye:<\/p>\n<ul>\n<li>Alquiler de m\u00e1quinas de magnetoterapia para uso terap\u00e9utico a domicilio.<\/li>\n<li>Servicio de configuraci\u00f3n y ajuste de la m\u00e1quina seg\u00fan el tratamiento requerido.<\/li>\n<li>Formaci\u00f3n sobre el correcto uso de la m\u00e1quina.<\/li>\n<li>Seguimiento personalizado de la evoluci\u00f3n del tratamiento.<\/li>\n<\/ul>\n<p>Todos estos servicios se prestan bajo la supervisi\u00f3n de un equipo calificado y est\u00e1n sujetos a las condiciones generales de contrataci\u00f3n disponibles en esta p\u00e1gina web.<\/p>\n<h2>5. PROPIEDAD INTELECTUAL E INDUSTRIAL<\/h2>\n<p>logotipos, iconos de botones, im\u00e1genes, archivos de audio y v\u00eddeo, y software) son propiedad de Bemagnett o de sus proveedores de contenidos y est\u00e1n protegidos por las leyes de propiedad intelectual e industrial vigentes.<\/p>\n<p>Queda estrictamente prohibida la reproducci\u00f3n, distribuci\u00f3n o modificaci\u00f3n de los contenidos del sitio web sin el consentimiento previo y por escrito de Bemagnett.<\/p>\n<h2>6. LIMITACI\u00d3N DE RESPONSABILIDAD<\/h2>\n<p>Bemagnett no ser\u00e1 responsable de los da\u00f1os o perjuicios de cualquier naturaleza que pudieran derivarse de un mal uso de los servicios o contenidos de la web por parte de los usuarios. Tampoco se responsabiliza de los posibles errores u omisiones en los contenidos del sitio web o del uso que los usuarios puedan realizar del mismo.<\/p>\n<h2>7. POL\u00cdTICA DE PRIVACIDAD<\/h2>\n<p>Para informaci\u00f3n detallada sobre el tratamiento de los datos personales de los usuarios, por favor, consulte nuestra <a href=\"https:\/\/bemagnett.com\/es\/politica-de-privacidad\/\">Pol\u00edtica de Privacidad<\/a>, que est\u00e1 disponible en el sitio web.<\/p>\n<h2>8. LEGISLACI\u00d3N APLICABLE Y JURISDICCI\u00d3N<\/h2>\n<p>Este aviso legal se rige por la legislaci\u00f3n espa\u00f1ola. Cualquier disputa o controversia relacionada con el uso de este sitio web ser\u00e1 sometida a los tribunales de la ciudad de Gerona, con renuncia expresa a cualquier otro fuero que pudiera corresponder.<\/p>\n<p>[\/et_pb_text][\/et_pb_column][\/et_pb_row][\/et_pb_section]<\/p>\n","protected":false},"excerpt":{"rendered":"<p>1. INFORMACI\u00d3N GENERAL En cumplimiento de lo dispuesto en el art\u00edculo 10 de la Ley 34\/2002, de 11 de julio, de servicios de la sociedad de la informaci\u00f3n y de comercio electr\u00f3nico (LSSICE), se ofrece la siguiente informaci\u00f3n relativa al titular de la p\u00e1gina web: Titular: Bemagnett CIF: 77914427H Domicilio social: Mas Can Ralico,7 Espinavessa [&hellip;]<\/p>\n","protected":false},"author":1,"featured_media":0,"parent":0,"menu_order":0,"comment_status":"closed","ping_status":"closed","template":"","meta":{"_et_pb_use_builder":"on","_et_pb_old_content":"","_et_gb_content_width":"","footnotes":""},"class_list":["post-2472","page","type-page","status-publish","hentry"],"_links":{"self":[{"href":"https:\/\/bemagnett.com\/es\/wp-json\/wp\/v2\/pages\/2472","targetHints":{"allow":["GET"]}}],"collection":[{"href":"https:\/\/bemagnett.com\/es\/wp-json\/wp\/v2\/pages"}],"about":[{"href":"https:\/\/bemagnett.com\/es\/wp-json\/wp\/v2\/types\/page"}],"author":[{"embeddable":true,"href":"https:\/\/bemagnett.com\/es\/wp-json\/wp\/v2\/users\/1"}],"replies":[{"embeddable":true,"href":"https:\/\/bemagnett.com\/es\/wp-json\/wp\/v2\/comments?post=2472"}],"version-history":[{"count":2,"href":"https:\/\/bemagnett.com\/es\/wp-json\/wp\/v2\/pages\/2472\/revisions"}],"predecessor-version":[{"id":2474,"href":"https:\/\/bemagnett.com\/es\/wp-json\/wp\/v2\/pages\/2472\/revisions\/2474"}],"wp:attachment":[{"href":"https:\/\/bemagnett.com\/es\/wp-json\/wp\/v2\/media?parent=2472"}],"curies":[{"name":"wp","href":"https:\/\/api.w.org\/{rel}","templated":true}]}}