{"id":2469,"date":"2024-09-05T10:45:31","date_gmt":"2024-09-05T10:45:31","guid":{"rendered":"https:\/\/bemagnett.com\/politica-de-contratacion-y-devoluciones\/"},"modified":"2026-01-06T15:34:53","modified_gmt":"2026-01-06T15:34:53","slug":"politica-de-contratacion-y-devoluciones","status":"publish","type":"page","link":"https:\/\/bemagnett.com\/es\/politica-de-contratacion-y-devoluciones\/","title":{"rendered":"Pol\u00edtica de contrataci\u00f3n y Devoluciones"},"content":{"rendered":"<p>[et_pb_section fb_built=\u00bb1&#8243; _builder_version=\u00bb4.27.0&#8243; global_colors_info=\u00bb{}\u00bb][et_pb_row _builder_version=\u00bb4.16&#8243; background_size=\u00bbinitial\u00bb background_position=\u00bbtop_left\u00bb background_repeat=\u00bbrepeat\u00bb global_colors_info=\u00bb{}\u00bb][et_pb_column type=\u00bb4_4&#8243; _builder_version=\u00bb4.16&#8243; custom_padding=\u00bb|||\u00bb global_colors_info=\u00bb{}\u00bb custom_padding__hover=\u00bb|||\u00bb][et_pb_text _builder_version=\u00bb4.27.4&#8243; background_size=\u00bbinitial\u00bb background_position=\u00bbtop_left\u00bb background_repeat=\u00bbrepeat\u00bb hover_enabled=\u00bb0&#8243; global_colors_info=\u00bb{}\u00bb sticky_enabled=\u00bb0&#8243;]<\/p>\n<h1>Pol\u00edtica de contrataci\u00f3n y Devoluciones<\/h1>\n<h2>Entrega<\/h2>\n<p>La entrega a domicilio por parte de un experto de Bemagnett se realiza dentro de las 24\/48 horas a partir de la fecha de recepci\u00f3n de la propuesta de alquiler firmada para su aceptaci\u00f3n. Durante la entrega se realizar\u00e1 la configuraci\u00f3n seg\u00fan el tratamiento, se mostrar\u00e1 c\u00f3mo funciona el aparato, c\u00f3mo aplicar la terapia correctamente y se resolver\u00e1n todas las dudas que el usuario\/a pueda tener.<\/p>\n<p>Recuerde que siempre tendr\u00e1 l\u00ednea directa con Bemagnett por cualquier duda o pregunta sobre cualquier aspecto del tratamiento.<\/p>\n<p>No utilizamos empresas de env\u00edos. La entrega y recogida se realiza siempre por parte de un t\u00e9cnico especializado de Bemagnett. No hay gastos de transporte, al coste del servicio est\u00e1 todo incluido.<\/p>\n<h2>M\u00e9todo de devoluci\u00f3n<\/h2>\n<p>Al final del per\u00edodo de alquiler, uno de nuestros expertos organizar\u00e1 la recogida de la mercanc\u00eda en el domicilio del cliente, se comprobar\u00e1 el estado del dispositivo y se har\u00e1 balance del tratamiento y los resultados. Los dispositivos alquilados deben devolverse en el estado en que fueron recibidos, completamente funcionales y limpios.<\/p>\n<h2>Duraci\u00f3n del tratamiento<\/h2>\n<p>La duraci\u00f3n m\u00ednima es de 3 semanas, siendo el m\u00ednimo que se recomienda para la efectividad del tratamiento. Sin embargo, la media de duraci\u00f3n del servicio es de 4 semanas. El tiempo de tratamiento puede extenderse en cualquier momento.<\/p>\n<p>Cualquier pr\u00f3rroga del alquiler puede comunicarse por tel\u00e9fono, whatsapp o correo electr\u00f3nico.<\/p>\n<h2>Cobro<\/h2>\n<p>Se cobra un dep\u00f3sito de 80\u20ac a cuenta de factura final el d\u00eda que se hace la entrada del dispositivo. El precio con todo incluido sale a 6\u20ac\/d\u00eda. <\/p>\n<h2>Garant\u00edas<\/h2>\n<p>Todos los productos contratados se entregan en funcionamiento e higienizados. En caso de tener cualquier problema con el aparato durante el tiempo del servicio, le atenderemos para resolverlo o le proporcionaremos un nuevo aparato en caso de ser necesario.<\/p>\n<h2>Servicio soporte continuo<\/h2>\n<p>Nuestros expertos estar\u00e1n a su servicio durante el tratamiento, para resolver cualquier duda, incidencia, etc\u2026<\/p>\n<p>&nbsp;<\/p>\n<p>[\/et_pb_text][\/et_pb_column][\/et_pb_row][\/et_pb_section]<\/p>\n","protected":false},"excerpt":{"rendered":"<p>Pol\u00edtica de contrataci\u00f3n y Devoluciones Entrega La entrega a domicilio por parte de un experto de Bemagnett se realiza dentro de las 24\/48 horas a partir de la fecha de recepci\u00f3n de la propuesta de alquiler firmada para su aceptaci\u00f3n. Durante la entrega se realizar\u00e1 la configuraci\u00f3n seg\u00fan el tratamiento, se mostrar\u00e1 c\u00f3mo funciona el [&hellip;]<\/p>\n","protected":false},"author":1,"featured_media":0,"parent":0,"menu_order":0,"comment_status":"closed","ping_status":"closed","template":"","meta":{"_et_pb_use_builder":"on","_et_pb_old_content":"","_et_gb_content_width":"","footnotes":""},"class_list":["post-2469","page","type-page","status-publish","hentry"],"_links":{"self":[{"href":"https:\/\/bemagnett.com\/es\/wp-json\/wp\/v2\/pages\/2469","targetHints":{"allow":["GET"]}}],"collection":[{"href":"https:\/\/bemagnett.com\/es\/wp-json\/wp\/v2\/pages"}],"about":[{"href":"https:\/\/bemagnett.com\/es\/wp-json\/wp\/v2\/types\/page"}],"author":[{"embeddable":true,"href":"https:\/\/bemagnett.com\/es\/wp-json\/wp\/v2\/users\/1"}],"replies":[{"embeddable":true,"href":"https:\/\/bemagnett.com\/es\/wp-json\/wp\/v2\/comments?post=2469"}],"version-history":[{"count":4,"href":"https:\/\/bemagnett.com\/es\/wp-json\/wp\/v2\/pages\/2469\/revisions"}],"predecessor-version":[{"id":2581,"href":"https:\/\/bemagnett.com\/es\/wp-json\/wp\/v2\/pages\/2469\/revisions\/2581"}],"wp:attachment":[{"href":"https:\/\/bemagnett.com\/es\/wp-json\/wp\/v2\/media?parent=2469"}],"curies":[{"name":"wp","href":"https:\/\/api.w.org\/{rel}","templated":true}]}}