{"id":2458,"date":"2024-07-02T09:06:19","date_gmt":"2024-07-02T09:06:19","guid":{"rendered":"https:\/\/bemagnett.com\/politica-de-privacidad\/"},"modified":"2025-08-16T15:21:16","modified_gmt":"2025-08-16T15:21:16","slug":"politica-de-privacidad","status":"publish","type":"page","link":"https:\/\/bemagnett.com\/es\/politica-de-privacidad\/","title":{"rendered":"Pol\u00edtica de privacidad"},"content":{"rendered":"<p>[et_pb_section fb_built=\u00bb1&#8243; _builder_version=\u00bb4.16&#8243; global_colors_info=\u00bb{}\u00bb][et_pb_row _builder_version=\u00bb4.16&#8243; background_size=\u00bbinitial\u00bb background_position=\u00bbtop_left\u00bb background_repeat=\u00bbrepeat\u00bb global_colors_info=\u00bb{}\u00bb][et_pb_column type=\u00bb4_4&#8243; _builder_version=\u00bb4.16&#8243; custom_padding=\u00bb|||\u00bb global_colors_info=\u00bb{}\u00bb custom_padding__hover=\u00bb|||\u00bb][et_pb_text _builder_version=\u00bb4.27.4&#8243; background_size=\u00bbinitial\u00bb background_position=\u00bbtop_left\u00bb background_repeat=\u00bbrepeat\u00bb hover_enabled=\u00bb0&#8243; global_colors_info=\u00bb{}\u00bb sticky_enabled=\u00bb0&#8243;]<\/p>\n<h2>1. IDENTIFICACI\u00d3N DEL RESPONSABLE DEL TRATAMIENTO<\/h2>\n<p>En cumplimiento de lo dispuesto en el Reglamento (UE) 2016\/679 del Parlamento Europeo y del Consejo, de 27 de abril de 2016, relativo a la protecci\u00f3n de las personas f\u00edsicas en lo que respecta al tratamiento de datos personales y a la libre circulaci\u00f3n de estos datos (GDPR), y la Ley Org\u00e1nica 3\/2018, de 5 de diciembre los datos personales que nos facilite a trav\u00e9s de nuestros formularios ser\u00e1n incorporados a un fichero bajo la responsabilidad de:<\/p>\n<ul>\n<li><strong>Responsable:<\/strong> Bemagnett<\/li>\n<li><strong>CIF:<\/strong> 77914427H<\/li>\n<li><strong>Domicilio social: Mas Can Ralico,7 Espinavessa CP 17747<\/strong><\/li>\n<li><strong>Tel\u00e9fono: 682014113<\/strong><\/li>\n<li><strong>Correo electr\u00f3nico:<\/strong> bemagnett@gmail.com<\/li>\n<\/ul>\n<h2>2. FINALIDAD DEL TRATAMIENTO<\/h2>\n<p>Los datos personales que nos proporcione a trav\u00e9s de los formularios de nuestro sitio web ser\u00e1n utilizados con las siguientes finalidades:<\/p>\n<ul>\n<li>Gestionar las solicitudes de informaci\u00f3n o presupuestos relacionados con el alquiler de m\u00e1quinas de magnetoterapia a domicilio.<\/li>\n<li>Prestar servicios de configuraci\u00f3n, adaptaci\u00f3n al tratamiento, formaci\u00f3n y seguimiento personalizado.<\/li>\n<li>Env\u00edo de comunicaciones comerciales relacionadas con nuestros productos o servicios, siempre que haya dado su consentimiento expl\u00edcito.<\/li>\n<\/ul>\n<h2>3. LEGITIMACI\u00d3N DEL TRATAMIENTO<\/h2>\n<p>El tratamiento de sus datos personales se basa en su consentimiento expreso, que se pedir\u00e1 en el momento de recoger estos datos a trav\u00e9s de nuestros formularios. Asimismo, tratamos sus datos para la ejecuci\u00f3n de la relaci\u00f3n contractual que pueda surgir como consecuencia del alquiler de nuestros servicios.<\/p>\n<h2>4. CONSERVACI\u00d3N DE LOS DATOS<\/h2>\n<p>Los datos proporcionados se conservar\u00e1n mientras sea necesario para la finalidad por la que fueron recogidos y mientras no se solicite su supresi\u00f3n por parte del interesado. Una vez finalizado este per\u00edodo, los datos ser\u00e1n suprimidos de acuerdo con las disposiciones legales vigentes.<\/p>\n<h2>5. DESTINATARIOS DE LOS DATOS<\/h2>\n<p>Sus datos personales no ser\u00e1n cedidos a terceros, salvo en aquellos casos en los que sea necesario para el cumplimiento de obligaciones legales o contractuales, o cuando sea necesario para la prestaci\u00f3n de los servicios solicitados. En estos casos, garantizamos que los terceros cumplen con las normativas de protecci\u00f3n de datos vigentes.<\/p>\n<h2>6. DERECHOS DE LOS INTERESADOS<\/h2>\n<p>Como usuario o interesado, tiene derecho a ejercer los siguientes derechos en relaci\u00f3n con sus datos personales:<\/p>\n<ul>\n<li><strong>Derecho de acceso:<\/strong> Puede solicitar informaci\u00f3n sobre los datos personales que tratamos y obtener una copia de \u00e9stos.<\/li>\n<li><strong>Derecho de rectificaci\u00f3n:<\/strong> Puede solicitar la correcci\u00f3n de los datos inexactos o incompletos.<\/li>\n<li><strong>Derecho de supresi\u00f3n:<\/strong> Puede solicitar la eliminaci\u00f3n de sus datos cuando \u00e9stos ya no sean necesarios para los fines por los que fueron recogidos.<\/li>\n<li><strong>Derecho de oposici\u00f3n: <\/strong>Puede oponerse al tratamiento de sus datos por motivos relacionados con su situaci\u00f3n particular, especialmente en caso de env\u00edo de comunicaciones comerciales.<\/li>\n<li><strong>Derecho de limitaci\u00f3n del tratamiento:<\/strong> Puede solicitar la limitaci\u00f3n del tratamiento de sus datos en determinadas circunstancias.<\/li>\n<li><strong>Derecho a la portabilidad de los datos:<\/strong> Puede solicitar la transferencia de sus datos a otro responsable del tratamiento en un formato estructurado, de uso com\u00fan y de lectura mec\u00e1nica.<\/li>\n<\/ul>\n<p>Para ejercer cualquiera de estos derechos, puede enviar una solicitud a la direcci\u00f3n electr\u00f3nica bemagnett@gmail.com o a la direcci\u00f3n postal Mas Can Ralico,7 Espinavessa CP 17747, adjuntando una copia de su documento de identidad u otro documento oficial que acredite su identidad.<\/p>\n<h2>7. SEGURIDAD DE LOS DATOS<\/h2>\n<p>Bemagnett se compromete a aplicar las medidas t\u00e9cnicas y organizativas necesarias para garantizar la seguridad de los datos personales y evitar su alteraci\u00f3n, p\u00e9rdida, tratamiento o acceso no autorizado, de acuerdo con el estado de la t\u00e9cnica y la naturaleza de los datos tratados.<\/p>\n<h2>8. MODIFICACIONES DE LA POL\u00cdTICA DE PRIVACIDAD<\/h2>\n<p>Bemagnett se reserva el derecho a modificar la presente pol\u00edtica de privacidad para adaptarla a la legislaci\u00f3n vigente o nuevos tratamientos de datos. En este caso, se publicar\u00e1 la nueva pol\u00edtica en el sitio web y se informar\u00e1 a los usuarios de los cambios realizados.<\/p>\n<h2>9. CONTACTO<\/h2>\n<p>Para cualquier consulta relacionada con esta pol\u00edtica de privacidad o con el tratamiento de sus datos personales, puede contactar con nosotros a trav\u00e9s del correo electr\u00f3nico bemagnett@gmail.com o del tel\u00e9fono 682014113.<\/p>\n<p>[\/et_pb_text][\/et_pb_column][\/et_pb_row][\/et_pb_section]<\/p>\n","protected":false},"excerpt":{"rendered":"<p>1. IDENTIFICACI\u00d3N DEL RESPONSABLE DEL TRATAMIENTO En cumplimiento de lo dispuesto en el Reglamento (UE) 2016\/679 del Parlamento Europeo y del Consejo, de 27 de abril de 2016, relativo a la protecci\u00f3n de las personas f\u00edsicas en lo que respecta al tratamiento de datos personales y a la libre circulaci\u00f3n de estos datos (GDPR), y [&hellip;]<\/p>\n","protected":false},"author":1,"featured_media":0,"parent":0,"menu_order":0,"comment_status":"closed","ping_status":"closed","template":"","meta":{"_et_pb_use_builder":"on","_et_pb_old_content":"","_et_gb_content_width":"","footnotes":""},"class_list":["post-2458","page","type-page","status-publish","hentry"],"_links":{"self":[{"href":"https:\/\/bemagnett.com\/es\/wp-json\/wp\/v2\/pages\/2458","targetHints":{"allow":["GET"]}}],"collection":[{"href":"https:\/\/bemagnett.com\/es\/wp-json\/wp\/v2\/pages"}],"about":[{"href":"https:\/\/bemagnett.com\/es\/wp-json\/wp\/v2\/types\/page"}],"author":[{"embeddable":true,"href":"https:\/\/bemagnett.com\/es\/wp-json\/wp\/v2\/users\/1"}],"replies":[{"embeddable":true,"href":"https:\/\/bemagnett.com\/es\/wp-json\/wp\/v2\/comments?post=2458"}],"version-history":[{"count":4,"href":"https:\/\/bemagnett.com\/es\/wp-json\/wp\/v2\/pages\/2458\/revisions"}],"predecessor-version":[{"id":2464,"href":"https:\/\/bemagnett.com\/es\/wp-json\/wp\/v2\/pages\/2458\/revisions\/2464"}],"wp:attachment":[{"href":"https:\/\/bemagnett.com\/es\/wp-json\/wp\/v2\/media?parent=2458"}],"curies":[{"name":"wp","href":"https:\/\/api.w.org\/{rel}","templated":true}]}}