{"id":2444,"date":"2024-09-09T09:15:03","date_gmt":"2024-09-09T09:15:03","guid":{"rendered":"https:\/\/bemagnett.com\/tratamientos\/"},"modified":"2026-01-06T15:26:04","modified_gmt":"2026-01-06T15:26:04","slug":"tratamientos","status":"publish","type":"page","link":"https:\/\/bemagnett.com\/es\/tratamientos\/","title":{"rendered":"Tratamientos"},"content":{"rendered":"<p>[et_pb_section fb_built=\u00bb1&#8243; admin_label=\u00bbTractaments de magnetoter\u00e0pia\u00bb _builder_version=\u00bb4.27.0&#8243; _module_preset=\u00bbdefault\u00bb background_color=\u00bbrgba(0,0,0,0.65)\u00bb background_image=\u00bbhttps:\/\/bemagnett.com\/wp-content\/uploads\/2024\/10\/portada-tractaments_1800.jpg\u00bb background_blend=\u00bboverlay\u00bb custom_padding=\u00bb80px||80px||true|false\u00bb locked=\u00bboff\u00bb global_colors_info=\u00bb{}\u00bb][et_pb_row _builder_version=\u00bb4.27.0&#8243; _module_preset=\u00bbdefault\u00bb global_colors_info=\u00bb{}\u00bb][et_pb_column type=\u00bb4_4&#8243; _builder_version=\u00bb4.27.0&#8243; _module_preset=\u00bbdefault\u00bb global_colors_info=\u00bb{}\u00bb][et_pb_text _builder_version=\u00bb4.27.4&#8243; _module_preset=\u00bbdefault\u00bb header_font=\u00bb|600|||||||\u00bb header_text_align=\u00bbcenter\u00bb header_text_color=\u00bb#FFFFFF\u00bb header_font_size=\u00bb50px\u00bb header_font_size_tablet=\u00bb50px\u00bb header_font_size_phone=\u00bb40px\u00bb header_font_size_last_edited=\u00bbon|phone\u00bb global_colors_info=\u00bb{}\u00bb]<\/p>\n<h1>Tratamientos de magnetoterapia<\/h1>\n<p>[\/et_pb_text][\/et_pb_column][\/et_pb_row][\/et_pb_section][et_pb_section fb_built=\u00bb1&#8243; disabled_on=\u00bboff|off|off\u00bb admin_label=\u00bbLa magnetoter\u00e0pia \u00e9s prescrita\u00bb _builder_version=\u00bb4.27.0&#8243; _module_preset=\u00bbdefault\u00bb locked=\u00bboff\u00bb global_colors_info=\u00bb{}\u00bb][et_pb_row custom_padding_last_edited=\u00bbon|phone\u00bb _builder_version=\u00bb4.27.0&#8243; _module_preset=\u00bbdefault\u00bb width=\u00bb60%\u00bb module_alignment=\u00bbcenter\u00bb custom_padding=\u00bb||60px|||\u00bb custom_padding_tablet=\u00bb||60px|||\u00bb custom_padding_phone=\u00bb||30px||false|false\u00bb locked=\u00bboff\u00bb global_colors_info=\u00bb{}\u00bb][et_pb_column type=\u00bb4_4&#8243; _builder_version=\u00bb4.27.0&#8243; _module_preset=\u00bbdefault\u00bb global_colors_info=\u00bb{}\u00bb][et_pb_text _builder_version=\u00bb4.27.4&#8243; _module_preset=\u00bbdefault\u00bb header_font=\u00bbInter|700|||||||\u00bb header_text_color=\u00bbgcid-7130b933-b511-40ae-b2e5-db655e2be6cb\u00bb header_font_size=\u00bb49px\u00bb header_line_height=\u00bb60px\u00bb header_2_font=\u00bb|600|||||||\u00bb header_2_text_color=\u00bbgcid-7130b933-b511-40ae-b2e5-db655e2be6cb\u00bb header_2_font_size=\u00bb32px\u00bb header_2_line_height=\u00bb1.2em\u00bb text_orientation=\u00bbcenter\u00bb width=\u00bb100%\u00bb animation_style=\u00bbslide\u00bb animation_direction=\u00bbright\u00bb animation_duration=\u00bb1500ms\u00bb animation_delay=\u00bb300ms\u00bb text_font_size_tablet=\u00bb\u00bb text_font_size_phone=\u00bb18px\u00bb text_font_size_last_edited=\u00bbon|phone\u00bb header_2_text_color_tablet=\u00bbgcid-7130b933-b511-40ae-b2e5-db655e2be6cb\u00bb header_2_text_color_phone=\u00bbgcid-7130b933-b511-40ae-b2e5-db655e2be6cb\u00bb header_2_text_color_last_edited=\u00bbon|desktop\u00bb header_2_font_size_tablet=\u00bb32px\u00bb header_2_font_size_phone=\u00bb29px\u00bb header_2_font_size_last_edited=\u00bbon|desktop\u00bb global_colors_info=\u00bb{%22gcid-7130b933-b511-40ae-b2e5-db655e2be6cb%22:%91%22header_text_color%22,%22header_2_text_color%22%93}\u00bb]<\/p>\n<h2>La magnetoterapia est\u00e1 prescrita para tratar diferentes patolog\u00edas<\/h2>\n<p>La magnetoterapia es una t\u00e9cnica valiosa con muchos beneficios para el tratamiento de m\u00faltiples patolog\u00edas.<\/p>\n<p>[\/et_pb_text][\/et_pb_column][\/et_pb_row][\/et_pb_section][et_pb_section fb_built=\u00bb1&#8243; admin_label=\u00bbOur Healthcare service\u00bb _builder_version=\u00bb4.27.0&#8243; _module_preset=\u00bbdefault\u00bb background_color=\u00bbgcid-9f9c20cf-fab1-49be-aace-2aedaad95876&#8243; custom_padding=\u00bb||9px|||\u00bb locked=\u00bboff\u00bb global_colors_info=\u00bb{%22gcid-9f9c20cf-fab1-49be-aace-2aedaad95876%22:%91%22background_color%22%93}\u00bb][et_pb_row custom_padding_last_edited=\u00bbon|phone\u00bb _builder_version=\u00bb4.27.0&#8243; _module_preset=\u00bbdefault\u00bb module_alignment=\u00bbcenter\u00bb custom_padding=\u00bb||60px|||\u00bb custom_padding_tablet=\u00bb||60px|||\u00bb custom_padding_phone=\u00bb||30px||false|false\u00bb global_colors_info=\u00bb{}\u00bb][et_pb_column type=\u00bb4_4&#8243; _builder_version=\u00bb4.27.0&#8243; _module_preset=\u00bbdefault\u00bb global_colors_info=\u00bb{}\u00bb][et_pb_text _builder_version=\u00bb4.27.4&#8243; _module_preset=\u00bbdefault\u00bb header_font=\u00bbInter|700|||||||\u00bb header_text_color=\u00bbgcid-7130b933-b511-40ae-b2e5-db655e2be6cb\u00bb header_font_size=\u00bb49px\u00bb header_line_height=\u00bb60px\u00bb header_2_font=\u00bb|700|||||||\u00bb header_2_text_color=\u00bbgcid-7130b933-b511-40ae-b2e5-db655e2be6cb\u00bb header_2_font_size=\u00bb32px\u00bb header_2_line_height=\u00bb1.2em\u00bb text_orientation=\u00bbcenter\u00bb width=\u00bb100%\u00bb animation_style=\u00bbslide\u00bb animation_direction=\u00bbright\u00bb animation_duration=\u00bb1500ms\u00bb animation_delay=\u00bb300ms\u00bb text_font_size_tablet=\u00bb\u00bb text_font_size_phone=\u00bb18px\u00bb text_font_size_last_edited=\u00bbon|phone\u00bb global_colors_info=\u00bb{%22gcid-7130b933-b511-40ae-b2e5-db655e2be6cb%22:%91%22header_text_color%22,%22header_2_text_color%22%93}\u00bb]<\/p>\n<h2>Patolog\u00edas m\u00e1s frecuentes tratadas con magnetoterapia<\/h2>\n<p>Nuestro aparato de magnetoterapia, Emavit, permite tratar m\u00faltiples patolog\u00edas de forma efectiva.<\/p>\n<p>A esta efectividad le sumamos su facilidad de uso, su portabilidad y nuestro <a href=\"https:\/\/bemagnett.com\/es\/magnetoterapia-a-domicilio\/\">Servicio de magnetor\u00e1pia a domicilio<\/a> que le permite seguir el tratamiento en el lugar y momento que m\u00e1s le convenga, asegurando que podr\u00e1 ser constante.<\/p>\n<p>Adem\u00e1s, recuerde que tiene todas las garant\u00edas incluidas en el servicio dado que tiene entrega, configuraci\u00f3n, adaptaci\u00f3n del tratamiento, formaci\u00f3n a domicilio, el apoyo y seguimiento.<\/p>\n<p>Las patolog\u00edas que pueden tratarse con nuestro servicio son:<\/p>\n<p>[\/et_pb_text][\/et_pb_column][\/et_pb_row][et_pb_row column_structure=\u00bb1_3,1_3,1_3&#8243; admin_label=\u00bbMedical Services\u00bb _builder_version=\u00bb4.27.0&#8243; _module_preset=\u00bbdefault\u00bb global_colors_info=\u00bb{}\u00bb][et_pb_column type=\u00bb1_3&#8243; _builder_version=\u00bb4.27.0&#8243; _module_preset=\u00bbdefault\u00bb background_enable_color=\u00bboff\u00bb global_colors_info=\u00bb{}\u00bb][et_pb_blurb title=\u00bbFracturas\u00bb image_icon_width=\u00bb25%\u00bb icon_alignment=\u00bbleft\u00bb admin_label=\u00bbFractures\u00bb _builder_version=\u00bb4.27.4&#8243; _module_preset=\u00bbdefault\u00bb header_level=\u00bbh3&#8243; header_font=\u00bb|600|||||||\u00bb header_text_align=\u00bbleft\u00bb header_text_color=\u00bbgcid-7130b933-b511-40ae-b2e5-db655e2be6cb\u00bb header_font_size=\u00bb22px\u00bb header_line_height=\u00bb29px\u00bb body_text_align=\u00bbleft\u00bb body_text_color=\u00bb#000000&#8243; body_link_text_color=\u00bb#00e5cc\u00bb background_color=\u00bb#FFFFFF\u00bb text_orientation=\u00bbcenter\u00bb custom_margin=\u00bb||||false|false\u00bb custom_padding=\u00bb40px|40px|40px|40px|false|false\u00bb animation_style=\u00bbslide\u00bb animation_direction=\u00bbbottom\u00bb animation_duration=\u00bb1500ms\u00bb background_last_edited=\u00bboff|desktop\u00bb custom_css_before=\u00bbtransition: all 10s ease;\u00bb border_radii=\u00bbon|5px|5px|5px|5px\u00bb box_shadow_style=\u00bbpreset3&#8243; box_shadow_color=\u00bbrgba(17,112,154,0.3)\u00bb global_colors_info=\u00bb{%22gcid-7130b933-b511-40ae-b2e5-db655e2be6cb%22:%91%22header_text_color%22%93}\u00bb background__hover_enabled=\u00bbon|desktop\u00bb background_color__hover=\u00bb#000e44&#8243; background_enable_color__hover=\u00bbon\u00bb header_text_color__hover_enabled=\u00bbon|hover\u00bb header_text_color__hover=\u00bb#FFFFFF\u00bb body_text_color__hover_enabled=\u00bbon|hover\u00bb body_text_color__hover=\u00bb#848e9f\u00bb]<\/p>\n<p class=\"icon-box-description\">La magnetoterapia ayuda a acelerar el proceso de consolidaci\u00f3n \u00f3sea, reduciendo el tiempo de recuperaci\u00f3n.<\/p>\n<p>[\/et_pb_blurb][et_pb_blurb title=\u00bbArtritis y artrosis\u00bb image_icon_width=\u00bb25%\u00bb icon_alignment=\u00bbleft\u00bb admin_label=\u00bbArtritis i artrosi\u00bb _builder_version=\u00bb4.27.0&#8243; _module_preset=\u00bbdefault\u00bb header_level=\u00bbh3&#8243; header_font=\u00bb|600|||||||\u00bb header_text_align=\u00bbleft\u00bb header_text_color=\u00bbgcid-7130b933-b511-40ae-b2e5-db655e2be6cb\u00bb header_font_size=\u00bb22px\u00bb header_line_height=\u00bb29px\u00bb body_text_align=\u00bbleft\u00bb body_text_color=\u00bb#000000&#8243; body_link_text_color=\u00bb#00e5cc\u00bb background_color=\u00bb#FFFFFF\u00bb text_orientation=\u00bbcenter\u00bb custom_margin=\u00bb||||false|false\u00bb custom_padding=\u00bb40px|40px|40px|40px|false|false\u00bb animation_style=\u00bbslide\u00bb animation_direction=\u00bbbottom\u00bb animation_duration=\u00bb1500ms\u00bb custom_css_before=\u00bbtransition: all 10s ease;\u00bb border_radii=\u00bbon|5px|5px|5px|5px\u00bb box_shadow_style=\u00bbpreset3&#8243; box_shadow_color=\u00bbrgba(17,112,154,0.3)\u00bb global_colors_info=\u00bb{%22gcid-7130b933-b511-40ae-b2e5-db655e2be6cb%22:%91%22header_text_color%22,%22header_text_color%22%93}\u00bb background_color__hover=\u00bb#000e44&#8243; background_enable_color__hover=\u00bbon\u00bb header_text_color__hover_enabled=\u00bbon|hover\u00bb header_text_color__hover=\u00bb#FFFFFF\u00bb body_text_color__hover=\u00bb#848e9f\u00bb body_text_color__hover_enabled=\u00bbon|hover\u00bb background__hover_enabled=\u00bbon|desktop\u00bb]<\/p>\n<p class=\"icon-box-description\">Alivia el dolor y mejora la movilidad en pacientes con artritis y artrosis, proporcionando un mejor confort diario.<\/p>\n<p>[\/et_pb_blurb][\/et_pb_column][et_pb_column type=\u00bb1_3&#8243; _builder_version=\u00bb4.27.0&#8243; _module_preset=\u00bbdefault\u00bb custom_padding=\u00bb||10%||false|false\u00bb custom_padding_tablet=\u00bb||10%||false|false\u00bb custom_padding_phone=\u00bb||0%||false|false\u00bb custom_padding_last_edited=\u00bbon|phone\u00bb global_colors_info=\u00bb{}\u00bb][et_pb_blurb title=\u00bbEdemas \u00f3seos\u00bb image_icon_width=\u00bb25%\u00bb icon_alignment=\u00bbleft\u00bb admin_label=\u00bbEdemes\u00bb _builder_version=\u00bb4.27.0&#8243; _module_preset=\u00bbdefault\u00bb header_level=\u00bbh3&#8243; header_font=\u00bb|600|||||||\u00bb header_text_align=\u00bbleft\u00bb header_text_color=\u00bbgcid-7130b933-b511-40ae-b2e5-db655e2be6cb\u00bb header_font_size=\u00bb22px\u00bb header_line_height=\u00bb29px\u00bb body_text_align=\u00bbleft\u00bb body_text_color=\u00bb#000000&#8243; body_link_text_color=\u00bb#00e5cc\u00bb background_color=\u00bb#FFFFFF\u00bb text_orientation=\u00bbcenter\u00bb custom_margin=\u00bb||||false|false\u00bb custom_padding=\u00bb40px|40px|40px|40px|false|false\u00bb animation_style=\u00bbslide\u00bb animation_direction=\u00bbbottom\u00bb animation_duration=\u00bb1500ms\u00bb custom_css_before=\u00bbtransition: all 10s ease;\u00bb border_radii=\u00bbon|5px|5px|5px|5px\u00bb box_shadow_style=\u00bbpreset3&#8243; box_shadow_color=\u00bbrgba(17,112,154,0.3)\u00bb global_colors_info=\u00bb{%22gcid-7130b933-b511-40ae-b2e5-db655e2be6cb%22:%91%22header_text_color%22,%22header_text_color%22%93}\u00bb background_color__hover=\u00bb#000e44&#8243; background_enable_color__hover=\u00bbon\u00bb header_text_color__hover_enabled=\u00bbon|hover\u00bb header_text_color__hover=\u00bb#FFFFFF\u00bb body_text_color__hover=\u00bb#848e9f\u00bb body_text_color__hover_enabled=\u00bbon|hover\u00bb background__hover_enabled=\u00bbon|desktop\u00bb]<\/p>\n<p class=\"icon-box-description\">Eficaz en la reducci\u00f3n del edema y en la mejora de la curaci\u00f3n de las fisuras \u00f3seas.<\/p>\n<p>[\/et_pb_blurb][et_pb_blurb title=\u00bbLesiones musculares\u00bb image_icon_width=\u00bb25%\u00bb icon_alignment=\u00bbleft\u00bb admin_label=\u00bbLesions musculars\u00bb _builder_version=\u00bb4.27.0&#8243; _module_preset=\u00bbdefault\u00bb header_level=\u00bbh3&#8243; header_font=\u00bb|600|||||||\u00bb header_text_align=\u00bbleft\u00bb header_text_color=\u00bb#FFFFFF\u00bb header_font_size=\u00bb22px\u00bb header_line_height=\u00bb29px\u00bb body_text_align=\u00bbleft\u00bb body_text_color=\u00bb#848e9f\u00bb body_link_text_color=\u00bb#00e5cc\u00bb background_color=\u00bb#000e44&#8243; text_orientation=\u00bbcenter\u00bb custom_margin=\u00bb40px||||false|false\u00bb custom_margin_tablet=\u00bb40px||||false|false\u00bb custom_margin_phone=\u00bb0px||||false|false\u00bb custom_margin_last_edited=\u00bbon|phone\u00bb custom_padding=\u00bb40px|40px|40px|40px|false|false\u00bb animation_style=\u00bbslide\u00bb animation_direction=\u00bbbottom\u00bb animation_duration=\u00bb1500ms\u00bb background_last_edited=\u00bboff|desktop\u00bb border_radii=\u00bbon|5px|5px|5px|5px\u00bb global_colors_info=\u00bb{}\u00bb background__hover_enabled=\u00bboff|hover\u00bb background_color__hover=\u00bb#000e44&#8243; background_enable_color__hover=\u00bbon\u00bb header_text_color__hover_enabled=\u00bbon|hover\u00bb header_text_color__hover=\u00bb#FFFFFF\u00bb]<\/p>\n<p class=\"icon-box-description\">Fomenta la regeneraci\u00f3n de los tejidos musculares da\u00f1ados, acelerando la recuperaci\u00f3n de lesiones como distensiones y roturas musculares.<\/p>\n<p>[\/et_pb_blurb][\/et_pb_column][et_pb_column type=\u00bb1_3&#8243; _builder_version=\u00bb4.27.0&#8243; _module_preset=\u00bbdefault\u00bb global_colors_info=\u00bb{}\u00bb][et_pb_blurb title=\u00bbFisuras\u00bb image_icon_width=\u00bb25%\u00bb icon_alignment=\u00bbleft\u00bb admin_label=\u00bbMassatgistes\u00bb _builder_version=\u00bb4.27.4&#8243; _module_preset=\u00bbdefault\u00bb header_level=\u00bbh3&#8243; header_font=\u00bb|600|||||||\u00bb header_text_align=\u00bbleft\u00bb header_text_color=\u00bbgcid-7130b933-b511-40ae-b2e5-db655e2be6cb\u00bb header_font_size=\u00bb22px\u00bb header_line_height=\u00bb29px\u00bb body_text_align=\u00bbleft\u00bb body_text_color=\u00bb#000000&#8243; body_link_text_color=\u00bb#00e5cc\u00bb background_color=\u00bb#FFFFFF\u00bb text_orientation=\u00bbcenter\u00bb custom_margin=\u00bb||||false|false\u00bb custom_padding=\u00bb40px|40px|40px|40px|false|false\u00bb animation_style=\u00bbslide\u00bb animation_direction=\u00bbbottom\u00bb animation_duration=\u00bb1500ms\u00bb custom_css_before=\u00bbtransition: all 10s ease;\u00bb border_radii=\u00bbon|5px|5px|5px|5px\u00bb box_shadow_style=\u00bbpreset3&#8243; box_shadow_color=\u00bbrgba(17,112,154,0.3)\u00bb global_colors_info=\u00bb{%22gcid-7130b933-b511-40ae-b2e5-db655e2be6cb%22:%91%22header_text_color%22,%22header_text_color%22%93}\u00bb background_color__hover=\u00bb#000e44&#8243; background_enable_color__hover=\u00bbon\u00bb header_text_color__hover_enabled=\u00bbon|hover\u00bb header_text_color__hover=\u00bb#FFFFFF\u00bb body_text_color__hover=\u00bb#848e9f\u00bb body_text_color__hover_enabled=\u00bbon|hover\u00bb background__hover_enabled=\u00bbon|desktop\u00bb]<\/p>\n<p>El tratamiento mejora la consolidaci\u00f3n \u00f3sea de las fisuras.<\/p>\n<p>[\/et_pb_blurb][et_pb_blurb title=\u00bbTendinitis\u00bb image_icon_width=\u00bb25%\u00bb icon_alignment=\u00bbleft\u00bb admin_label=\u00bbTendinitis\u00bb _builder_version=\u00bb4.27.0&#8243; _module_preset=\u00bbdefault\u00bb header_level=\u00bbh3&#8243; header_font=\u00bb|600|||||||\u00bb header_text_align=\u00bbleft\u00bb header_text_color=\u00bbgcid-7130b933-b511-40ae-b2e5-db655e2be6cb\u00bb header_font_size=\u00bb22px\u00bb header_line_height=\u00bb29px\u00bb body_text_align=\u00bbleft\u00bb body_text_color=\u00bb#000000&#8243; body_link_text_color=\u00bb#00e5cc\u00bb background_color=\u00bb#FFFFFF\u00bb text_orientation=\u00bbcenter\u00bb custom_margin=\u00bb||||false|false\u00bb custom_padding=\u00bb40px|40px|40px|40px|false|false\u00bb animation_style=\u00bbslide\u00bb animation_direction=\u00bbbottom\u00bb animation_duration=\u00bb1500ms\u00bb custom_css_before=\u00bbtransition: all 10s ease;\u00bb border_radii=\u00bbon|5px|5px|5px|5px\u00bb box_shadow_style=\u00bbpreset3&#8243; box_shadow_color=\u00bbrgba(17,112,154,0.3)\u00bb global_colors_info=\u00bb{%22gcid-7130b933-b511-40ae-b2e5-db655e2be6cb%22:%91%22header_text_color%22,%22header_text_color%22%93}\u00bb background_color__hover=\u00bb#000e44&#8243; background_enable_color__hover=\u00bbon\u00bb header_text_color__hover_enabled=\u00bbon|hover\u00bb header_text_color__hover=\u00bb#FFFFFF\u00bb body_text_color__hover=\u00bb#848e9f\u00bb body_text_color__hover_enabled=\u00bbon|hover\u00bb background__hover_enabled=\u00bbon|desktop\u00bb]<\/p>\n<p class=\"icon-box-description\">Reduce la inflamaci\u00f3n y el dolor asociados a la tendinitis, mejorando la funcionalidad del tend\u00f3n afectado.<\/p>\n<p>[\/et_pb_blurb][\/et_pb_column][\/et_pb_row][\/et_pb_section][et_pb_section fb_built=\u00bb1&#8243; custom_padding_last_edited=\u00bbon|desktop\u00bb admin_label=\u00bbCall To Action 5 euros\u00bb _builder_version=\u00bb4.27.0&#8243; use_background_color_gradient=\u00bbon\u00bb background_color_gradient_direction=\u00bb166deg\u00bb background_color_gradient_stops=\u00bbrgba(238,238,238,0.66) 0%|rgba(255,255,255,0.75) 100%\u00bb background_color_gradient_overlays_image=\u00bbon\u00bb background_color_gradient_start=\u00bb#ffffff\u00bb background_color_gradient_start_position=\u00bb40%\u00bb background_color_gradient_end=\u00bbrgba(255,255,255,0.75)\u00bb background_image=\u00bbhttps:\/\/bemagnett.com\/wp-content\/uploads\/2024\/10\/banner_comenca-el-teu-tractament_1800-1.jpg\u00bb module_alignment=\u00bbright\u00bb custom_padding=\u00bb7vw||7vw||true|false\u00bb custom_padding_tablet=\u00bb\u00bb custom_padding_phone=\u00bb\u00bb global_module=\u00bb1054&#8243; saved_tabs=\u00bball\u00bb locked=\u00bboff\u00bb global_colors_info=\u00bb{}\u00bb][et_pb_row _builder_version=\u00bb4.16&#8243; global_colors_info=\u00bb{}\u00bb][et_pb_column type=\u00bb4_4&#8243; _builder_version=\u00bb4.16&#8243; global_colors_info=\u00bb{}\u00bb][et_pb_text _builder_version=\u00bb4.27.4&#8243; text_font=\u00bb||||||||\u00bb text_line_height=\u00bb1.8em\u00bb link_font=\u00bb||||||||\u00bb ul_font=\u00bb||||||||\u00bb ol_font=\u00bb||||||||\u00bb quote_font=\u00bb||||||||\u00bb header_font=\u00bb||||||||\u00bb header_2_font=\u00bb|||on|||||\u00bb header_2_text_color=\u00bbgcid-7130b933-b511-40ae-b2e5-db655e2be6cb\u00bb header_2_font_size=\u00bb14px\u00bb header_2_letter_spacing=\u00bb3px\u00bb header_2_line_height=\u00bb1.8em\u00bb header_3_font=\u00bb|600|||||||\u00bb header_3_text_color=\u00bb#151515&#8243; header_3_font_size=\u00bb45px\u00bb header_3_line_height=\u00bb1.2em\u00bb header_4_font=\u00bb||||||||\u00bb header_5_font=\u00bb||||||||\u00bb header_6_font=\u00bb||||||||\u00bb text_orientation=\u00bbcenter\u00bb max_width=\u00bb800px\u00bb module_alignment=\u00bbcenter\u00bb text_font_size_tablet=\u00bb\u00bb text_font_size_phone=\u00bb16px\u00bb text_font_size_last_edited=\u00bbon|phone\u00bb header_3_font_size_tablet=\u00bb40px\u00bb header_3_font_size_phone=\u00bb30px\u00bb header_3_font_size_last_edited=\u00bbon|phone\u00bb locked=\u00bboff\u00bb global_colors_info=\u00bb{%22gcid-7130b933-b511-40ae-b2e5-db655e2be6cb%22:%91%22header_2_text_color%22%93}\u00bb]<\/p>\n<h2>Magnoterapia a domicilio<\/h2>\n<h3>Empieza tu tratamiento ahora por 6\u20ac al d\u00eda<\/h3>\n<p>[\/et_pb_text][et_pb_button button_url=\u00bbhttps:\/\/bemagnett.com\/es\/#formulari\u00bb button_text=\u00bbContacta\u00bb button_alignment=\u00bbcenter\u00bb _builder_version=\u00bb4.27.0&#8243; button_bg_color_gradient_direction=\u00bb89deg\u00bb button_bg_color_gradient_stops=\u00bb#ffcfaa 0%|#fa6eb9 100%\u00bb button_bg_color_gradient_start=\u00bb#ffcfaa\u00bb button_bg_color_gradient_end=\u00bb#fa6eb9&#8243; custom_padding=\u00bb20px|40px|20px|40px|true|true\u00bb box_shadow_style=\u00bbpreset3&#8243; box_shadow_vertical=\u00bb10px\u00bb box_shadow_blur=\u00bb20px\u00bb box_shadow_spread=\u00bb0px\u00bb box_shadow_color=\u00bbgcid-9f9c20cf-fab1-49be-aace-2aedaad95876&#8243; locked=\u00bboff\u00bb global_colors_info=\u00bb{%22gcid-9f9c20cf-fab1-49be-aace-2aedaad95876%22:%91%22box_shadow_color%22%93}\u00bb][\/et_pb_button][\/et_pb_column][\/et_pb_row][\/et_pb_section][et_pb_section fb_built=\u00bb1&#8243; _builder_version=\u00bb4.27.0&#8243; global_module=\u00bb38&#8243; saved_tabs=\u00bball\u00bb global_colors_info=\u00bb{}\u00bb][et_pb_row _builder_version=\u00bb4.27.0&#8243; global_colors_info=\u00bb{}\u00bb][et_pb_column type=\u00bb4_4&#8243; _builder_version=\u00bb4.16&#8243; global_colors_info=\u00bb{}\u00bb][et_pb_text _builder_version=\u00bb4.27.4&#8243; text_font_size_tablet=\u00bb\u00bb text_font_size_phone=\u00bb18px\u00bb text_font_size_last_edited=\u00bbon|phone\u00bb global_colors_info=\u00bb{}\u00bb]<\/p>\n<p><strong style=\"font-size: 20px;\">Importante<\/strong><\/p>\n<p>Se debe tener en cuenta que la magnetoterapia est\u00e1 contraindicada en los siguientes casos:<\/p>\n<ul>\n<li>Marcapasos: Las personas con marcapasos no deben utilizar esta terapia, ya que los campos magn\u00e9ticos pueden interferir con el dispositivo.<\/li>\n<li>C\u00e1ncer: No se recomienda en pacientes con c\u00e1ncer activo, ya que podr\u00eda afectar al crecimiento de las c\u00e9lulas cancerosas.<\/li>\n<li>Embarazos: No se recomienda para mujeres embarazadas por precauci\u00f3n.<\/li>\n<\/ul>\n<p>La seguridad est\u00e1 garantizada gracias a la primera sesi\u00f3n que se realiza en su domicilio, en la que un especialista adaptar\u00e1 el tratamiento y los par\u00e1metros de la m\u00e1quina a su diagn\u00f3stico.<\/p>\n<p>[\/et_pb_text][\/et_pb_column][\/et_pb_row][\/et_pb_section]<\/p>\n","protected":false},"excerpt":{"rendered":"<p>Tratamientos de magnetoterapiaLa magnetoterapia est\u00e1 prescrita para tratar diferentes patolog\u00edas La magnetoterapia es una t\u00e9cnica valiosa con muchos beneficios para el tratamiento de m\u00faltiples patolog\u00edas.Patolog\u00edas m\u00e1s frecuentes tratadas con magnetoterapia Nuestro aparato de magnetoterapia, Emavit, permite tratar m\u00faltiples patolog\u00edas de forma efectiva. A esta efectividad le sumamos su facilidad de uso, su portabilidad y nuestro [&hellip;]<\/p>\n","protected":false},"author":1,"featured_media":0,"parent":0,"menu_order":0,"comment_status":"closed","ping_status":"closed","template":"","meta":{"_et_pb_use_builder":"on","_et_pb_old_content":"","_et_gb_content_width":"","footnotes":""},"class_list":["post-2444","page","type-page","status-publish","hentry"],"_links":{"self":[{"href":"https:\/\/bemagnett.com\/es\/wp-json\/wp\/v2\/pages\/2444","targetHints":{"allow":["GET"]}}],"collection":[{"href":"https:\/\/bemagnett.com\/es\/wp-json\/wp\/v2\/pages"}],"about":[{"href":"https:\/\/bemagnett.com\/es\/wp-json\/wp\/v2\/types\/page"}],"author":[{"embeddable":true,"href":"https:\/\/bemagnett.com\/es\/wp-json\/wp\/v2\/users\/1"}],"replies":[{"embeddable":true,"href":"https:\/\/bemagnett.com\/es\/wp-json\/wp\/v2\/comments?post=2444"}],"version-history":[{"count":18,"href":"https:\/\/bemagnett.com\/es\/wp-json\/wp\/v2\/pages\/2444\/revisions"}],"predecessor-version":[{"id":2575,"href":"https:\/\/bemagnett.com\/es\/wp-json\/wp\/v2\/pages\/2444\/revisions\/2575"}],"wp:attachment":[{"href":"https:\/\/bemagnett.com\/es\/wp-json\/wp\/v2\/media?parent=2444"}],"curies":[{"name":"wp","href":"https:\/\/api.w.org\/{rel}","templated":true}]}}